{"id":2,"date":"2016-08-22T13:11:29","date_gmt":"2016-08-22T13:11:29","guid":{"rendered":"http:\/\/www.polaaksesuar.com\/?page_id=2"},"modified":"2021-06-01T13:09:44","modified_gmt":"2021-06-01T13:09:44","slug":"sample-page","status":"publish","type":"page","link":"https:\/\/www.polaaksesuar.com\/","title":{"rendered":"Ana Sayfa"},"content":{"rendered":"<p><strong>Kurulu\u015f:<\/strong><br \/>\nFirmam\u0131z, mobilya ah\u015fap aksesuar sat\u0131\u015f ma\u011fazas\u0131 olarak fiilen Haziran 1996 y\u0131l\u0131ndan itibaren<br \/>\nfaliyete ge\u00e7mi\u015f olup; \u00fcretici olarak 35 y\u0131ld\u0131r bu sekt\u00f6r\u00fcn i\u00e7indedir.<\/p>\n<p><strong>Ama\u00e7:<\/strong><br \/>\nFirmam\u0131z\u0131n birinci hedefi, m\u00fc\u015fteri memnuniyetidir. \u00c7\u00fcnk\u00fc firmam\u0131z hizmette kalite artt\u0131r\u0131m\u0131 ile yurt i\u00e7inde bir\u00e7ok firman\u0131n \u00f6n\u00fcne ge\u00e7mi\u015f durumdad\u0131r; bunun yan\u0131nda da yurt d\u0131\u015f\u0131nda ise,kendi alan\u0131nda bir\u00e7ok \u00fcretici firma ile yar\u0131\u015fabilecek d\u00fczeydedir. Bununla birlikte yapt\u0131\u011f\u0131 ihracatla yurti\u00e7inde de kaliteli \u00fcr\u00fcnler \u00e7\u0131kararak d\u00fcnya devleriyle yar\u0131\u015fmakt\u0131r. G\u00fcn\u00fcn teknolojisine uygun olarak; yenilikleri izleyerek \u00e7a\u011f\u0131n gerisinde kalmadan en iyi mataryellerle d\u00fcnya kalitesinde mal \u00fcretip, \u00fclkeye &nbsp;prestij kazand\u0131rmaktad\u0131r. Amerikan sehpa vb. \u00fcr\u00fcnlerde birinci s\u0131n\u0131f malzeme kullanarak ve birinci s\u0131n\u0131f i\u015f\u00e7ilikle i\u00e7 pazarda \u00fcretilen taklitlerinin \u00f6n\u00fcne ge\u00e7mi\u015f bulunmaktay\u0131z.Ayr\u0131ca T\u00fcrkiye pazar\u0131nda yer alan yabanc\u0131 \u00fcr\u00fcnlerle de yar\u0131\u015farak yurt d\u0131\u015f\u0131na giden d\u00f6vizin \u00fclkede kalmas\u0131n\u0131 sa\u011flamaktay\u0131z. B\u00f6ylelikle \u00fclke<br \/>\nekonomisine de katk\u0131da bulundu\u011fumuz kan\u0131s\u0131nday\u0131z.G\u00fcn\u00fcm\u00fczde art\u0131k bir\u00e7ok alanda internet,insanlar\u0131n ya\u015famlar\u0131na entegre olmu\u015ftur. Bir\u00e7ok faaliyetin y\u00fcr\u00fct\u00fcld\u00fc\u011f\u00fc bu alanda ticarette de \u00f6nemli bir yol katedilmi\u015ftir. Biz de kalitemizi hem yurt i\u00e7inde hem de yurt d\u0131\u015f\u0131nda g\u00f6stermek \u00fczere bu ortamda yerimizi alm\u0131\u015f bulunmaktay\u0131z. Bu sayede firmam\u0131z\u0131n \u00fcretmi\u015f oldu\u011fu mallar\u0131,\u00e7ok k\u0131sa bir yoldan, sitemizi ziyaret ederek inceleyebilirsiniz. e- mail yolu ile sipari\u015f verebilir hatta istedi\u011finiz mal\u0131 (g\u00f6sterilen hesap numaras\u0131na para yat\u0131rarak) sat\u0131n alabilirsiniz.<\/p>\n","protected":false},"excerpt":{"rendered":"<p>Kurulu\u015f: Firmam\u0131z, mobilya ah\u015fap aksesuar sat\u0131\u015f ma\u011fazas\u0131 olarak fiilen Haziran 1996 y\u0131l\u0131ndan itibaren faliyete ge\u00e7mi\u015f olup; \u00fcretici olarak 35 y\u0131ld\u0131r bu sekt\u00f6r\u00fcn i\u00e7indedir. Ama\u00e7: Firmam\u0131z\u0131n birinci hedefi, m\u00fc\u015fteri memnuniyetidir. \u00c7\u00fcnk\u00fc firmam\u0131z hizmette kalite artt\u0131r\u0131m\u0131 ile [&hellip;]<\/p>\n","protected":false},"author":1,"featured_media":0,"parent":0,"menu_order":0,"comment_status":"closed","ping_status":"open","template":"","meta":{"ngg_post_thumbnail":0,"jetpack_post_was_ever_published":false,"footnotes":""},"class_list":["post-2","page","type-page","status-publish","hentry","clearfix"],"jetpack_sharing_enabled":true,"jetpack_shortlink":"https:\/\/wp.me\/P7Pqwl-2","_links":{"self":[{"href":"https:\/\/www.polaaksesuar.com\/index.php?rest_route=\/wp\/v2\/pages\/2","targetHints":{"allow":["GET"]}}],"collection":[{"href":"https:\/\/www.polaaksesuar.com\/index.php?rest_route=\/wp\/v2\/pages"}],"about":[{"href":"https:\/\/www.polaaksesuar.com\/index.php?rest_route=\/wp\/v2\/types\/page"}],"author":[{"embeddable":true,"href":"https:\/\/www.polaaksesuar.com\/index.php?rest_route=\/wp\/v2\/users\/1"}],"replies":[{"embeddable":true,"href":"https:\/\/www.polaaksesuar.com\/index.php?rest_route=%2Fwp%2Fv2%2Fcomments&post=2"}],"version-history":[{"count":14,"href":"https:\/\/www.polaaksesuar.com\/index.php?rest_route=\/wp\/v2\/pages\/2\/revisions"}],"predecessor-version":[{"id":726,"href":"https:\/\/www.polaaksesuar.com\/index.php?rest_route=\/wp\/v2\/pages\/2\/revisions\/726"}],"wp:attachment":[{"href":"https:\/\/www.polaaksesuar.com\/index.php?rest_route=%2Fwp%2Fv2%2Fmedia&parent=2"}],"curies":[{"name":"wp","href":"https:\/\/api.w.org\/{rel}","templated":true}]}}